{"id":125,"date":"2023-10-30T15:17:30","date_gmt":"2023-10-30T15:17:30","guid":{"rendered":"https:\/\/cultiveresistencia.org\/festival\/?page_id=125"},"modified":"2026-02-27T22:45:10","modified_gmt":"2026-02-27T22:45:10","slug":"ingressos","status":"publish","type":"page","link":"https:\/\/cultiveresistencia.org\/festival\/ingressos\/","title":{"rendered":"Ingressos"},"content":{"rendered":"<p>[et_pb_section fb_built=&#8221;1&#8243; admin_label=&#8221;Header&#8221; _builder_version=&#8221;4.27.4&#8243; _module_preset=&#8221;default&#8221; background_color=&#8221;#000000&#8243; background_enable_image=&#8221;off&#8221; custom_padding=&#8221;||0px||false|false&#8221; locked=&#8221;off&#8221; global_colors_info=&#8221;{}&#8221;][et_pb_row _builder_version=&#8221;4.16&#8243; _module_preset=&#8221;default&#8221; positioning=&#8221;none&#8221; position_origin_a=&#8221;bottom_left&#8221; width=&#8221;100%&#8221; max_width=&#8221;none&#8221; custom_margin=&#8221;||||false|false&#8221; custom_padding=&#8221;0px||0px||false|false&#8221; locked=&#8221;off&#8221; global_colors_info=&#8221;{}&#8221;][et_pb_column type=&#8221;4_4&#8243; _builder_version=&#8221;4.16&#8243; _module_preset=&#8221;default&#8221; custom_padding=&#8221;||0px||false|false&#8221; global_colors_info=&#8221;{}&#8221;][et_pb_image src=&#8221;https:\/\/cultiveresistencia.org\/festival\/wp-content\/uploads\/2023\/10\/bushcraft-31.png&#8221; title_text=&#8221;bushcraft-31&#8243; _builder_version=&#8221;4.16&#8243; _module_preset=&#8221;default&#8221; custom_margin=&#8221;||0px||false|false&#8221; global_colors_info=&#8221;{}&#8221;][\/et_pb_image][\/et_pb_column][\/et_pb_row][\/et_pb_section][et_pb_section fb_built=&#8221;1&#8243; admin_label=&#8221;About&#8221; _builder_version=&#8221;4.16&#8243; _module_preset=&#8221;default&#8221; background_color=&#8221;#fffdf7&#8243; background_enable_image=&#8221;off&#8221; background_size=&#8221;initial&#8221; background_position=&#8221;bottom_center&#8221; locked=&#8221;off&#8221; global_colors_info=&#8221;{}&#8221;][et_pb_row _builder_version=&#8221;4.16&#8243; _module_preset=&#8221;default&#8221; global_colors_info=&#8221;{}&#8221;][et_pb_column type=&#8221;4_4&#8243; _builder_version=&#8221;4.16&#8243; _module_preset=&#8221;default&#8221; global_colors_info=&#8221;{}&#8221;][et_pb_image src=&#8221;https:\/\/cultiveresistencia.org\/festival\/wp-content\/uploads\/2023\/10\/anabolatrans.png&#8221; title_text=&#8221;anabolatrans&#8221; align=&#8221;center&#8221; _builder_version=&#8221;4.22.2&#8243; _module_preset=&#8221;default&#8221; global_colors_info=&#8221;{}&#8221;][\/et_pb_image][et_pb_text _builder_version=&#8221;4.16&#8243; _module_preset=&#8221;83d94e9b-bff8-4c15-9e33-e7b1a7a21887&#8243; header_2_font=&#8221;Josefin Sans|600|||||||&#8221; header_2_text_align=&#8221;center&#8221; header_2_text_color=&#8221;#de6b00&#8243; header_2_font_size=&#8221;48px&#8221; header_2_letter_spacing=&#8221;-1px&#8221; header_2_line_height=&#8221;1.2em&#8221; header_2_font_size_tablet=&#8221;32px&#8221; header_2_font_size_phone=&#8221;20px&#8221; header_2_font_size_last_edited=&#8221;on|phone&#8221; locked=&#8221;off&#8221; global_colors_info=&#8221;{}&#8221;]<\/p>\n<h2>Ingressos<\/h2>\n<p>[\/et_pb_text][et_pb_image src=&#8221;https:\/\/cultiveresistencia.org\/festival\/wp-content\/uploads\/2023\/10\/divider.png&#8221; title_text=&#8221;divider&#8221; align=&#8221;center&#8221; _builder_version=&#8221;4.16&#8243; _module_preset=&#8221;default&#8221; global_colors_info=&#8221;{}&#8221;][\/et_pb_image][\/et_pb_column][\/et_pb_row][et_pb_row _builder_version=&#8221;4.27.4&#8243; _module_preset=&#8221;default&#8221; custom_margin=&#8221;|auto|||false|false&#8221; global_colors_info=&#8221;{}&#8221;][et_pb_column type=&#8221;4_4&#8243; _builder_version=&#8221;4.27.4&#8243; _module_preset=&#8221;default&#8221; global_colors_info=&#8221;{}&#8221;][et_pb_text _builder_version=&#8221;4.27.4&#8243; _module_preset=&#8221;default&#8221; text_font=&#8221;Newsreader||||||||&#8221; text_font_size=&#8221;16px&#8221; text_orientation=&#8221;justified&#8221; global_colors_info=&#8221;{}&#8221;]<\/p>\n<div>\n<p class=\"gmail_signature\" data-smartmail=\"gmail_signature\" style=\"text-align: center;\"><strong>Ingressos limitados!!<\/strong><\/p>\n<p class=\"gmail_signature\" data-smartmail=\"gmail_signature\" style=\"text-align: center;\">Que legal que estar\u00e1 com a gente no Festival Cultive Resist\u00eancia. Estamos muito inspirados e felizes para compartilhar esses dias com voc\u00ea!Aqui colocamos algumas informa\u00e7\u00f5es sobre a venda dos ingressos. Vamos l\u00e1?<\/p>\n<p class=\"gmail_signature\" data-smartmail=\"gmail_signature\" style=\"text-align: center;\">\n<\/div>\n<p style=\"text-align: center;\">1) O Festival ter\u00e1 vagas limitadas! Por este motivo estaremos disponibilizando a compra de ingressos antecipados, e com valores promocionais:<\/p>\n<p style=\"text-align: center;\"><strong>Valores:<\/strong><\/p>\n<p style=\"text-align: center;\">1\u00ba lote \u2013 At\u00e9 10\/02\/2026 &#8211; R$ 30,00 por dia ou R$ 70,00 para os 3 dias.<br \/>2\u00ba lote &#8211; At\u00e9 20\/03\/2026 \u2013 R$ 40,00 por dia ou R$ 100,00 para os 3 dias.<br \/>3\u00ba lote e portaria \u2013 R$ 50,00 por dia.<\/p>\n<p style=\"text-align: center;\">* Crian\u00e7a at\u00e9 14 anos n\u00e3o paga ingresso!<\/p>\n<p style=\"text-align: center;\"><strong>IMPORTANTE<\/strong>: Para quem comprou o ingresso antecipado, as devolu\u00e7\u00f5es na compra de ingressos ser\u00e3o feitas apenas at\u00e9 dia 05 de mar\u00e7o de 2026.<\/p>\n<p class=\"gmail_signature\" data-smartmail=\"gmail_signature\" style=\"text-align: center;\">3) Organizamos um \u00f4nibus saindo de S\u00e3o Paulo direto para a Semente Negra, ida e volta, saindo do Jabaquara. Voc\u00ea pode adquirir seu lugar no \u00f4nibus <a href=\"https:\/\/cultiveresistencia.org\/festival\/product\/onibus-para-o-festival\/\">clicando aqui<\/a>.<\/p>\n<p class=\"gmail_signature\" data-smartmail=\"gmail_signature\" style=\"text-align: center;\">4) Fizemos um grupo no Telegram para: caronas, d\u00favidas e informa\u00e7\u00f5es sobre o Festival. S\u00f3 <a href=\"https:\/\/t.me\/+YSAepIxhlHwzMzIx\"><strong>clicar aqui<\/strong><\/a> para entrar.<\/p>\n<p class=\"gmail_signature\" data-smartmail=\"gmail_signature\" style=\"text-align: center;\">Nos vemos na Floresta!<\/p>\n<p>[\/et_pb_text][\/et_pb_column][\/et_pb_row][et_pb_row column_structure=&#8221;1_2,1_2&#8243; _builder_version=&#8221;4.23.1&#8243; _module_preset=&#8221;default&#8221; global_colors_info=&#8221;{}&#8221;][et_pb_column type=&#8221;1_2&#8243; _builder_version=&#8221;4.23.1&#8243; _module_preset=&#8221;default&#8221; global_colors_info=&#8221;{}&#8221;][et_pb_button button_url=&#8221;https:\/\/cultiveresistencia.org\/festival\/product\/ingressos\/&#8221; button_text=&#8221;Compre seu ingresso!&#8221; button_alignment=&#8221;center&#8221; _builder_version=&#8221;4.27.4&#8243; _module_preset=&#8221;default&#8221; custom_button=&#8221;on&#8221; button_text_color=&#8221;#FFFFFF&#8221; button_bg_color=&#8221;#000000&#8243; button_border_color=&#8221;#000000&#8243; button_border_radius=&#8221;24px&#8221; global_colors_info=&#8221;{}&#8221;][\/et_pb_button][\/et_pb_column][et_pb_column type=&#8221;1_2&#8243; _builder_version=&#8221;4.23.1&#8243; _module_preset=&#8221;default&#8221; global_colors_info=&#8221;{}&#8221;][et_pb_button button_url=&#8221;https:\/\/cultiveresistencia.org\/festival\/product\/onibus-para-o-festival\/&#8221; button_text=&#8221;Compre seu lugar no \u00f4nibus!&#8221; button_alignment=&#8221;center&#8221; _builder_version=&#8221;4.27.4&#8243; _module_preset=&#8221;default&#8221; custom_button=&#8221;on&#8221; button_text_color=&#8221;#FFFFFF&#8221; button_bg_color=&#8221;#000000&#8243; button_border_color=&#8221;#000000&#8243; button_border_radius=&#8221;24px&#8221; global_colors_info=&#8221;{}&#8221;][\/et_pb_button][\/et_pb_column][\/et_pb_row][\/et_pb_section][et_pb_section fb_built=&#8221;1&#8243; admin_label=&#8221;Footer&#8221; _builder_version=&#8221;4.27.4&#8243; _module_preset=&#8221;default&#8221; background_color=&#8221;#000000&#8243; background_enable_image=&#8221;off&#8221; custom_padding=&#8221;0px||5vw||false|false&#8221; locked=&#8221;off&#8221; global_colors_info=&#8221;{}&#8221;][et_pb_row _builder_version=&#8221;4.16&#8243; _module_preset=&#8221;default&#8221; width=&#8221;100%&#8221; max_width=&#8221;none&#8221; custom_padding=&#8221;0px||||false|false&#8221; locked=&#8221;off&#8221; global_colors_info=&#8221;{}&#8221;][et_pb_column type=&#8221;4_4&#8243; _builder_version=&#8221;4.16&#8243; _module_preset=&#8221;default&#8221; global_colors_info=&#8221;{}&#8221;][et_pb_image src=&#8221;https:\/\/cultiveresistencia.org\/festival\/wp-content\/uploads\/2023\/10\/bushcraft-30.png&#8221; title_text=&#8221;bushcraft-30&#8243; _builder_version=&#8221;4.16&#8243; _module_preset=&#8221;default&#8221; global_colors_info=&#8221;{}&#8221;][\/et_pb_image][\/et_pb_column][\/et_pb_row][et_pb_row column_structure=&#8221;1_4,1_4,1_2&#8243; use_custom_gutter=&#8221;on&#8221; gutter_width=&#8221;2&#8243; make_equal=&#8221;on&#8221; _builder_version=&#8221;4.16&#8243; _module_preset=&#8221;default&#8221; custom_margin=&#8221;||||false|false&#8221; global_colors_info=&#8221;{}&#8221;][et_pb_column type=&#8221;1_4&#8243; _builder_version=&#8221;4.16&#8243; _module_preset=&#8221;default&#8221; background_color=&#8221;#f3ede2&#8243; custom_padding=&#8221;40px|20px|40px|20px|false|true&#8221; custom_padding_tablet=&#8221;30px|30px|30px|30px|true|true&#8221; custom_padding_last_edited=&#8221;off|tablet&#8221; global_colors_info=&#8221;{}&#8221;][et_pb_text _builder_version=&#8221;4.22.2&#8243; _module_preset=&#8221;c34dec4a-f76d-4c50-bb7e-b3aa21f11d19&#8243; header_4_font=&#8221;Josefin Sans|600|||||||&#8221; header_4_text_color=&#8221;#202020&#8243; header_4_font_size=&#8221;24px&#8221; header_4_line_height=&#8221;1.5em&#8221; custom_margin=&#8221;||0px||false|false&#8221; header_4_font_size_tablet=&#8221;16px&#8221; header_4_font_size_phone=&#8221;14px&#8221; header_4_font_size_last_edited=&#8221;on|tablet&#8221; locked=&#8221;off&#8221; global_colors_info=&#8221;{}&#8221;]<\/p>\n<h4>Nossas Redes<\/h4>\n<p>[\/et_pb_text][et_pb_social_media_follow _builder_version=&#8221;4.22.2&#8243; _module_preset=&#8221;default&#8221; border_radii=&#8221;on|0px|0px|0px|0px&#8221; global_colors_info=&#8221;{}&#8221;][et_pb_social_media_follow_network social_network=&#8221;instagram&#8221; url=&#8221;https:\/\/www.instagram.com\/cultiveresistencia\/&#8221; _builder_version=&#8221;4.22.2&#8243; _module_preset=&#8221;default&#8221; background_color=&#8221;#ea2c59&#8243; background_enable_color=&#8221;on&#8221; global_colors_info=&#8221;{}&#8221; follow_button=&#8221;off&#8221; url_new_window=&#8221;on&#8221;]instagram[\/et_pb_social_media_follow_network][et_pb_social_media_follow_network social_network=&#8221;facebook&#8221; url=&#8221;https:\/\/www.facebook.com\/cultiveresist\/&#8221; _builder_version=&#8221;4.22.2&#8243; _module_preset=&#8221;default&#8221; background_color=&#8221;#000000&#8243; background_enable_color=&#8221;on&#8221; global_colors_info=&#8221;{}&#8221; follow_button=&#8221;off&#8221; url_new_window=&#8221;on&#8221;]facebook[\/et_pb_social_media_follow_network][et_pb_social_media_follow_network social_network=&#8221;youtube&#8221; url=&#8221;https:\/\/www.youtube.com\/channel\/UCzSCOxCFhb46WTmNSB5bZxw&#8221; _builder_version=&#8221;4.22.2&#8243; _module_preset=&#8221;default&#8221; background_color=&#8221;#000000&#8243; background_enable_color=&#8221;on&#8221; global_colors_info=&#8221;{}&#8221; follow_button=&#8221;off&#8221; url_new_window=&#8221;on&#8221;]youtube[\/et_pb_social_media_follow_network][\/et_pb_social_media_follow][\/et_pb_column][et_pb_column type=&#8221;1_4&#8243; _builder_version=&#8221;4.16&#8243; _module_preset=&#8221;default&#8221; background_color=&#8221;#f3ede2&#8243; custom_padding=&#8221;40px|20px|40px|20px|false|true&#8221; global_colors_info=&#8221;{}&#8221;][et_pb_text _builder_version=&#8221;4.22.2&#8243; _module_preset=&#8221;c34dec4a-f76d-4c50-bb7e-b3aa21f11d19&#8243; header_4_font=&#8221;Josefin Sans|600|||||||&#8221; header_4_text_color=&#8221;#202020&#8243; header_4_font_size=&#8221;24px&#8221; header_4_line_height=&#8221;1.5em&#8221; custom_margin=&#8221;||0px||false|false&#8221; header_4_font_size_tablet=&#8221;16px&#8221; header_4_font_size_phone=&#8221;14px&#8221; header_4_font_size_last_edited=&#8221;on|tablet&#8221; locked=&#8221;off&#8221; global_colors_info=&#8221;{}&#8221;]<\/p>\n<h4>Contato<\/h4>\n<p>[\/et_pb_text][et_pb_text _builder_version=&#8221;4.22.2&#8243; _module_preset=&#8221;102bef9d-a6b9-41f0-af77-1ed5b7bd0593&#8243; text_font=&#8221;Newsreader||||||||&#8221; text_text_color=&#8221;#666666&#8243; text_font_size=&#8221;15px&#8221; text_line_height=&#8221;1.8em&#8221; link_font=&#8221;Newsreader||||||||&#8221; link_text_color=&#8221;#7b7b7b&#8221; link_font_size=&#8221;16px&#8221; link_line_height=&#8221;1.3em&#8221; text_font_size_tablet=&#8221;15px&#8221; text_font_size_phone=&#8221;14px&#8221; text_font_size_last_edited=&#8221;on|desktop&#8221; locked=&#8221;off&#8221; global_colors_info=&#8221;{}&#8221;]<\/p>\n<p>festival@cultiveresistencia.org<\/p>\n<p>[\/et_pb_text][\/et_pb_column][et_pb_column type=&#8221;1_2&#8243; _builder_version=&#8221;4.16&#8243; _module_preset=&#8221;default&#8221; custom_padding=&#8221;40px|20px|40px|20px|true|true&#8221; global_colors_info=&#8221;{}&#8221;][et_pb_text _builder_version=&#8221;4.22.2&#8243; _module_preset=&#8221;c34dec4a-f76d-4c50-bb7e-b3aa21f11d19&#8243; header_4_font=&#8221;Josefin Sans||||||||&#8221; header_4_text_color=&#8221;#FFFFFF&#8221; header_4_font_size=&#8221;22px&#8221; header_4_line_height=&#8221;1.5em&#8221; custom_margin=&#8221;||0px||false|false&#8221; header_4_font_size_tablet=&#8221;16px&#8221; header_4_font_size_phone=&#8221;14px&#8221; header_4_font_size_last_edited=&#8221;on|tablet&#8221; locked=&#8221;off&#8221; global_colors_info=&#8221;{}&#8221;]<\/p>\n<h4>Grupo do Telegram<\/h4>\n<p>[\/et_pb_text][et_pb_button button_url=&#8221;https:\/\/t.me\/+YSAepIxhlHwzMzIx&#8221; url_new_window=&#8221;on&#8221; button_text=&#8221;Clique para entrar&#8221; button_alignment=&#8221;left&#8221; _builder_version=&#8221;4.23.1&#8243; _module_preset=&#8221;default&#8221; custom_button=&#8221;on&#8221; button_text_color=&#8221;#FFFFFF&#8221; button_bg_color=&#8221;#f28100&#8243; button_border_width=&#8221;0px&#8221; button_font=&#8221;Newsreader||||||||&#8221; global_colors_info=&#8221;{}&#8221;][\/et_pb_button][\/et_pb_column][\/et_pb_row][\/et_pb_section]<\/p>\n","protected":false},"excerpt":{"rendered":"<p>Ingressos Ingressos limitados!! Que legal que estar\u00e1 com a gente no Festival Cultive Resist\u00eancia. Estamos muito inspirados e felizes para compartilhar esses dias com voc\u00ea!Aqui colocamos algumas informa\u00e7\u00f5es sobre a venda dos ingressos. Vamos l\u00e1? 1) O Festival ter\u00e1 vagas limitadas! Por este motivo estaremos disponibilizando a compra de ingressos antecipados, e com valores promocionais: [&hellip;]<\/p>\n","protected":false},"author":1,"featured_media":0,"parent":0,"menu_order":0,"comment_status":"closed","ping_status":"closed","template":"","meta":{"_et_pb_use_builder":"on","_et_pb_old_content":"","_et_gb_content_width":"","footnotes":""},"class_list":["post-125","page","type-page","status-publish","hentry"],"_links":{"self":[{"href":"https:\/\/cultiveresistencia.org\/festival\/wp-json\/wp\/v2\/pages\/125","targetHints":{"allow":["GET"]}}],"collection":[{"href":"https:\/\/cultiveresistencia.org\/festival\/wp-json\/wp\/v2\/pages"}],"about":[{"href":"https:\/\/cultiveresistencia.org\/festival\/wp-json\/wp\/v2\/types\/page"}],"author":[{"embeddable":true,"href":"https:\/\/cultiveresistencia.org\/festival\/wp-json\/wp\/v2\/users\/1"}],"replies":[{"embeddable":true,"href":"https:\/\/cultiveresistencia.org\/festival\/wp-json\/wp\/v2\/comments?post=125"}],"version-history":[{"count":34,"href":"https:\/\/cultiveresistencia.org\/festival\/wp-json\/wp\/v2\/pages\/125\/revisions"}],"predecessor-version":[{"id":1407,"href":"https:\/\/cultiveresistencia.org\/festival\/wp-json\/wp\/v2\/pages\/125\/revisions\/1407"}],"wp:attachment":[{"href":"https:\/\/cultiveresistencia.org\/festival\/wp-json\/wp\/v2\/media?parent=125"}],"curies":[{"name":"wp","href":"https:\/\/api.w.org\/{rel}","templated":true}]}}