{"id":1073,"date":"2025-10-23T17:21:22","date_gmt":"2025-10-23T17:21:22","guid":{"rendered":"https:\/\/cultiveresistencia.org\/festival\/?page_id=1073"},"modified":"2025-10-23T21:17:40","modified_gmt":"2025-10-23T21:17:40","slug":"sobre","status":"publish","type":"page","link":"https:\/\/cultiveresistencia.org\/festival\/sobre\/","title":{"rendered":"Sobre"},"content":{"rendered":"<p>[et_pb_section fb_built=&#8221;1&#8243; admin_label=&#8221;Header&#8221; _builder_version=&#8221;4.27.4&#8243; _module_preset=&#8221;default&#8221; background_color=&#8221;#000000&#8243; background_enable_image=&#8221;off&#8221; custom_padding=&#8221;||0px||false|false&#8221; locked=&#8221;off&#8221; global_colors_info=&#8221;{}&#8221;][et_pb_row _builder_version=&#8221;4.16&#8243; _module_preset=&#8221;default&#8221; positioning=&#8221;none&#8221; position_origin_a=&#8221;bottom_left&#8221; width=&#8221;100%&#8221; max_width=&#8221;none&#8221; custom_margin=&#8221;||||false|false&#8221; custom_padding=&#8221;0px||0px||false|false&#8221; locked=&#8221;off&#8221; global_colors_info=&#8221;{}&#8221;][et_pb_column type=&#8221;4_4&#8243; _builder_version=&#8221;4.16&#8243; _module_preset=&#8221;default&#8221; custom_padding=&#8221;||0px||false|false&#8221; global_colors_info=&#8221;{}&#8221;][et_pb_image src=&#8221;https:\/\/cultiveresistencia.org\/festival\/wp-content\/uploads\/2023\/10\/bushcraft-31.png&#8221; title_text=&#8221;bushcraft-31&#8243; _builder_version=&#8221;4.16&#8243; _module_preset=&#8221;default&#8221; custom_margin=&#8221;||0px||false|false&#8221; global_colors_info=&#8221;{}&#8221;][\/et_pb_image][\/et_pb_column][\/et_pb_row][\/et_pb_section][et_pb_section fb_built=&#8221;1&#8243; admin_label=&#8221;About&#8221; _builder_version=&#8221;4.16&#8243; _module_preset=&#8221;default&#8221; background_color=&#8221;#fffdf7&#8243; background_enable_image=&#8221;off&#8221; background_size=&#8221;initial&#8221; background_position=&#8221;bottom_center&#8221; locked=&#8221;off&#8221; global_colors_info=&#8221;{}&#8221;][et_pb_row _builder_version=&#8221;4.16&#8243; _module_preset=&#8221;default&#8221; global_colors_info=&#8221;{}&#8221;][et_pb_column type=&#8221;4_4&#8243; _builder_version=&#8221;4.16&#8243; _module_preset=&#8221;default&#8221; global_colors_info=&#8221;{}&#8221;][et_pb_image src=&#8221;https:\/\/cultiveresistencia.org\/festival\/wp-content\/uploads\/2023\/10\/anabolatrans.png&#8221; title_text=&#8221;anabolatrans&#8221; align=&#8221;center&#8221; _builder_version=&#8221;4.22.2&#8243; _module_preset=&#8221;default&#8221; global_colors_info=&#8221;{}&#8221;][\/et_pb_image][et_pb_text _builder_version=&#8221;4.16&#8243; _module_preset=&#8221;83d94e9b-bff8-4c15-9e33-e7b1a7a21887&#8243; header_2_font=&#8221;Josefin Sans|600|||||||&#8221; header_2_text_align=&#8221;center&#8221; header_2_text_color=&#8221;#de6b00&#8243; header_2_font_size=&#8221;48px&#8221; header_2_letter_spacing=&#8221;-1px&#8221; header_2_line_height=&#8221;1.2em&#8221; header_2_font_size_tablet=&#8221;32px&#8221; header_2_font_size_phone=&#8221;20px&#8221; header_2_font_size_last_edited=&#8221;on|phone&#8221; locked=&#8221;off&#8221; global_colors_info=&#8221;{}&#8221;]<\/p>\n<h2>Sobre o Festival<\/h2>\n<p>[\/et_pb_text][et_pb_image src=&#8221;https:\/\/cultiveresistencia.org\/festival\/wp-content\/uploads\/2023\/10\/divider.png&#8221; title_text=&#8221;divider&#8221; align=&#8221;center&#8221; _builder_version=&#8221;4.16&#8243; _module_preset=&#8221;default&#8221; global_colors_info=&#8221;{}&#8221;][\/et_pb_image][\/et_pb_column][\/et_pb_row][et_pb_row column_structure=&#8221;2_3,1_3&#8243; _builder_version=&#8221;4.27.4&#8243; _module_preset=&#8221;default&#8221; global_colors_info=&#8221;{}&#8221;][et_pb_column type=&#8221;2_3&#8243; _builder_version=&#8221;4.27.4&#8243; _module_preset=&#8221;default&#8221; global_colors_info=&#8221;{}&#8221;][et_pb_text _builder_version=&#8221;4.27.4&#8243; _module_preset=&#8221;default&#8221; global_colors_info=&#8221;{}&#8221;]<\/p>\n<div style=\"text-align: justify;\">\n<p><span>O Festival Cultive Resist\u00eancia \u00e9 um encontro multicultural, libert\u00e1rio, que ocorre na Semente Negra, um espa\u00e7o pol\u00edtico cultural situado em meio a mata atl\u00e2ntica, em Peruibe\/SP.<\/span><span><o:p><\/o:p><\/span><\/p>\n<\/div>\n<div style=\"text-align: justify;\">\n<p><span>O Festival acontece todo ano no feriado da p\u00e1scoa, com 03 \u00a0dias de di\u00e1logos, palestras, oficinas, debates, shows, distribuidoras, momentos de compartilhamento, aprendizado, ensinamentos, reflex\u00e3o e a\u00e7\u00e3o. \u00a0<o:p><\/o:p><\/span><\/p>\n<\/div>\n<div style=\"text-align: justify;\">\n<p><span><o:p>\u00a0<\/o:p><\/span><\/p>\n<\/div>\n<div style=\"text-align: justify;\">\n<p><strong><span>Qual o motivo deste festival?<\/span><\/strong><span><o:p><\/o:p><\/span><\/p>\n<p><strong><span><\/span><\/strong><\/p>\n<\/div>\n<div style=\"text-align: justify;\">\n<p><span>Queremos propor um encontro onde possamos pensar um mundo livre!<\/span><\/p>\n<p><span>Onde possamos expressar nossa indigna\u00e7\u00e3o, nossa arte, nossa politica, nossa cultura, nossos corpos, de forma livre, desengon\u00e7ada, risonha, brincante e revoltosa.<o:p><\/o:p><\/span><\/p>\n<p class=\"cvGsUA direction-ltr align-justify para-style-body\"><span class=\"a_GcMg font-feature-liga-off font-feature-clig-off font-feature-calt-off text-decoration-none text-strikethrough-none\">Unir aqui diversas experi\u00eancias e ideias de resist\u00eancia e liberdade que est\u00e3o em todas as partes deste planeta. Punks, anarquistas, feministas, ind\u00edgenas, moradoras de espa\u00e7os ocupados, pessoas que compartilham experi\u00eancias de lutas inspiradoras, que sugerem outro modo de estar e agir neste mundo.<\/span><\/p>\n<p class=\"cvGsUA direction-ltr align-justify para-style-body\"><span class=\"a_GcMg font-feature-liga-off font-feature-clig-off font-feature-calt-off text-decoration-none text-strikethrough-none\">N\u00e3o \u00e9 novidade que existe um mundo ut\u00f3pico na cabe\u00e7a de muitas pessoas. Mas o que muitas destas mesmas pessoas n\u00e3o sabem, \u00e9 que em algum lugar deste planeta, esta utopia existe e resiste. Afinal, se o capitalismo tem suas armas, n\u00f3s tamb\u00e9m temos as nossas: solidariedade, apoio m\u00fatuo, m\u00fasica, livros, fanzines, m\u00eddias, a\u00e7\u00e3o direta, plantar nossa comida, consenso, rela\u00e7\u00f5es horizontais, feminismo, queer, lutas sociais, veganismo, entre outras.<\/span><\/p>\n<p class=\"cvGsUA direction-ltr align-justify para-style-body\"><span class=\"a_GcMg font-feature-liga-off font-feature-clig-off font-feature-calt-off text-decoration-none text-strikethrough-none\"><\/span><\/p>\n<\/div>\n<div style=\"text-align: justify;\">\n<p class=\"cvGsUA direction-ltr align-justify para-style-body\"><span class=\"a_GcMg font-feature-liga-off font-feature-clig-off font-feature-calt-off text-decoration-none text-strikethrough-none\">Se nos cegam os olhos para n\u00e3o vermos estas utopias sendo vividas \u00e9 porque elas representam algum perigo e \u00e9 para isto que chamamos este Festival, para sermos parte deste perigo. E se n\u00e3o conseguirmos ser este perigo, que este perigo nos destrua! Nos destrua para, assim como este mundo, possamos renascer como sementes que trincam concretos, como \u00e1gua que rompem barragens ou at\u00e9 mesmo como uma garrafa que voa iluminando por onde passa at\u00e9 incendiar seu alvo.<\/span><\/p>\n<p class=\"cvGsUA direction-ltr align-justify para-style-body\"><span class=\"a_GcMg font-feature-liga-off font-feature-clig-off font-feature-calt-off text-decoration-none text-strikethrough-none\">E, neste contexto, de forma totalmente auto gestionada e coletiva, que convidamos voc\u00ea para destruirmos e construirmos um novo mundo, afinal, recriar novos mundos \u00e9 poss\u00edvel o tempo todo.<\/span><\/p>\n<p class=\"cvGsUA direction-ltr align-justify para-style-body\">\n<p class=\"cvGsUA direction-ltr align-justify para-style-body\"><span class=\"a_GcMg font-feature-liga-off font-feature-clig-off font-feature-calt-off text-decoration-none text-strikethrough-none\">Venha fazer parte destes 03 dias inspiradores!<\/span><\/p>\n<\/div>\n<div style=\"text-align: justify;\"><\/div>\n<p>[\/et_pb_text][\/et_pb_column][et_pb_column type=&#8221;1_3&#8243; _builder_version=&#8221;4.27.4&#8243; _module_preset=&#8221;default&#8221; global_colors_info=&#8221;{}&#8221;][et_pb_image src=&#8221;https:\/\/cultiveresistencia.org\/festival\/wp-content\/uploads\/2025\/10\/476133227_930569795893351_7766691805023854939_n.jpg&#8221; title_text=&#8221;476133227_930569795893351_7766691805023854939_n&#8221; _builder_version=&#8221;4.27.4&#8243; _module_preset=&#8221;default&#8221; global_colors_info=&#8221;{}&#8221;][\/et_pb_image][et_pb_image src=&#8221;https:\/\/cultiveresistencia.org\/festival\/wp-content\/uploads\/2025\/10\/nossos-principios-1.png&#8221; title_text=&#8221;nossos princ\u00edpios (1)&#8221; url=&#8221;https:\/\/cultiveresistencia.org\/festival\/nossos-principios\/&#8221; _builder_version=&#8221;4.27.4&#8243; _module_preset=&#8221;default&#8221; hover_enabled=&#8221;0&#8243; border_width_all=&#8221;4px&#8221; box_shadow_style=&#8221;preset6&#8243; global_colors_info=&#8221;{}&#8221; sticky_enabled=&#8221;0&#8243;][\/et_pb_image][\/et_pb_column][\/et_pb_row][\/et_pb_section][et_pb_section fb_built=&#8221;1&#8243; admin_label=&#8221;Footer&#8221; _builder_version=&#8221;4.27.4&#8243; _module_preset=&#8221;default&#8221; background_color=&#8221;#000000&#8243; background_enable_image=&#8221;off&#8221; custom_padding=&#8221;0px||5vw||false|false&#8221; locked=&#8221;off&#8221; global_colors_info=&#8221;{}&#8221;][et_pb_row _builder_version=&#8221;4.16&#8243; _module_preset=&#8221;default&#8221; width=&#8221;100%&#8221; max_width=&#8221;none&#8221; custom_padding=&#8221;0px||||false|false&#8221; locked=&#8221;off&#8221; global_colors_info=&#8221;{}&#8221;][et_pb_column type=&#8221;4_4&#8243; _builder_version=&#8221;4.16&#8243; _module_preset=&#8221;default&#8221; global_colors_info=&#8221;{}&#8221;][et_pb_image src=&#8221;https:\/\/cultiveresistencia.org\/festival\/wp-content\/uploads\/2023\/10\/bushcraft-30.png&#8221; title_text=&#8221;bushcraft-30&#8243; _builder_version=&#8221;4.16&#8243; _module_preset=&#8221;default&#8221; global_colors_info=&#8221;{}&#8221;][\/et_pb_image][\/et_pb_column][\/et_pb_row][et_pb_row column_structure=&#8221;1_4,1_4,1_2&#8243; use_custom_gutter=&#8221;on&#8221; gutter_width=&#8221;2&#8243; make_equal=&#8221;on&#8221; _builder_version=&#8221;4.16&#8243; _module_preset=&#8221;default&#8221; custom_margin=&#8221;||||false|false&#8221; global_colors_info=&#8221;{}&#8221;][et_pb_column type=&#8221;1_4&#8243; _builder_version=&#8221;4.16&#8243; _module_preset=&#8221;default&#8221; background_color=&#8221;#f3ede2&#8243; custom_padding=&#8221;40px|20px|40px|20px|false|true&#8221; custom_padding_tablet=&#8221;30px|30px|30px|30px|true|true&#8221; custom_padding_last_edited=&#8221;off|tablet&#8221; global_colors_info=&#8221;{}&#8221;][et_pb_text _builder_version=&#8221;4.22.2&#8243; _module_preset=&#8221;c34dec4a-f76d-4c50-bb7e-b3aa21f11d19&#8243; header_4_font=&#8221;Josefin Sans|600|||||||&#8221; header_4_text_color=&#8221;#202020&#8243; header_4_font_size=&#8221;24px&#8221; header_4_line_height=&#8221;1.5em&#8221; custom_margin=&#8221;||0px||false|false&#8221; header_4_font_size_tablet=&#8221;16px&#8221; header_4_font_size_phone=&#8221;14px&#8221; header_4_font_size_last_edited=&#8221;on|tablet&#8221; locked=&#8221;off&#8221; global_colors_info=&#8221;{}&#8221;]<\/p>\n<h4>Nossas Redes<\/h4>\n<p>[\/et_pb_text][et_pb_social_media_follow _builder_version=&#8221;4.22.2&#8243; _module_preset=&#8221;default&#8221; border_radii=&#8221;on|0px|0px|0px|0px&#8221; global_colors_info=&#8221;{}&#8221;][et_pb_social_media_follow_network social_network=&#8221;instagram&#8221; url=&#8221;https:\/\/www.instagram.com\/cultiveresistencia\/&#8221; _builder_version=&#8221;4.22.2&#8243; _module_preset=&#8221;default&#8221; background_color=&#8221;#ea2c59&#8243; background_enable_color=&#8221;on&#8221; global_colors_info=&#8221;{}&#8221; follow_button=&#8221;off&#8221; url_new_window=&#8221;on&#8221;]instagram[\/et_pb_social_media_follow_network][et_pb_social_media_follow_network social_network=&#8221;facebook&#8221; url=&#8221;https:\/\/www.facebook.com\/cultiveresist\/&#8221; _builder_version=&#8221;4.22.2&#8243; _module_preset=&#8221;default&#8221; background_color=&#8221;#000000&#8243; background_enable_color=&#8221;on&#8221; global_colors_info=&#8221;{}&#8221; follow_button=&#8221;off&#8221; url_new_window=&#8221;on&#8221;]facebook[\/et_pb_social_media_follow_network][et_pb_social_media_follow_network social_network=&#8221;youtube&#8221; url=&#8221;https:\/\/www.youtube.com\/channel\/UCzSCOxCFhb46WTmNSB5bZxw&#8221; _builder_version=&#8221;4.22.2&#8243; _module_preset=&#8221;default&#8221; background_color=&#8221;#000000&#8243; background_enable_color=&#8221;on&#8221; global_colors_info=&#8221;{}&#8221; follow_button=&#8221;off&#8221; url_new_window=&#8221;on&#8221;]youtube[\/et_pb_social_media_follow_network][\/et_pb_social_media_follow][\/et_pb_column][et_pb_column type=&#8221;1_4&#8243; _builder_version=&#8221;4.16&#8243; _module_preset=&#8221;default&#8221; background_color=&#8221;#f3ede2&#8243; custom_padding=&#8221;40px|20px|40px|20px|false|true&#8221; global_colors_info=&#8221;{}&#8221;][et_pb_text _builder_version=&#8221;4.22.2&#8243; _module_preset=&#8221;c34dec4a-f76d-4c50-bb7e-b3aa21f11d19&#8243; header_4_font=&#8221;Josefin Sans|600|||||||&#8221; header_4_text_color=&#8221;#202020&#8243; header_4_font_size=&#8221;24px&#8221; header_4_line_height=&#8221;1.5em&#8221; custom_margin=&#8221;||0px||false|false&#8221; header_4_font_size_tablet=&#8221;16px&#8221; header_4_font_size_phone=&#8221;14px&#8221; header_4_font_size_last_edited=&#8221;on|tablet&#8221; locked=&#8221;off&#8221; global_colors_info=&#8221;{}&#8221;]<\/p>\n<h4>Contato<\/h4>\n<p>[\/et_pb_text][et_pb_text _builder_version=&#8221;4.22.2&#8243; _module_preset=&#8221;102bef9d-a6b9-41f0-af77-1ed5b7bd0593&#8243; text_font=&#8221;Newsreader||||||||&#8221; text_text_color=&#8221;#666666&#8243; text_font_size=&#8221;15px&#8221; text_line_height=&#8221;1.8em&#8221; link_font=&#8221;Newsreader||||||||&#8221; link_text_color=&#8221;#7b7b7b&#8221; link_font_size=&#8221;16px&#8221; link_line_height=&#8221;1.3em&#8221; text_font_size_tablet=&#8221;15px&#8221; text_font_size_phone=&#8221;14px&#8221; text_font_size_last_edited=&#8221;on|desktop&#8221; locked=&#8221;off&#8221; global_colors_info=&#8221;{}&#8221;]<\/p>\n<p>festival@cultiveresistencia.org<\/p>\n<p>[\/et_pb_text][\/et_pb_column][et_pb_column type=&#8221;1_2&#8243; _builder_version=&#8221;4.16&#8243; _module_preset=&#8221;default&#8221; custom_padding=&#8221;40px|20px|40px|20px|true|true&#8221; global_colors_info=&#8221;{}&#8221;][et_pb_text _builder_version=&#8221;4.22.2&#8243; _module_preset=&#8221;c34dec4a-f76d-4c50-bb7e-b3aa21f11d19&#8243; header_4_font=&#8221;Josefin Sans||||||||&#8221; header_4_text_color=&#8221;#FFFFFF&#8221; header_4_font_size=&#8221;22px&#8221; header_4_line_height=&#8221;1.5em&#8221; custom_margin=&#8221;||0px||false|false&#8221; header_4_font_size_tablet=&#8221;16px&#8221; header_4_font_size_phone=&#8221;14px&#8221; header_4_font_size_last_edited=&#8221;on|tablet&#8221; locked=&#8221;off&#8221; global_colors_info=&#8221;{}&#8221;]<\/p>\n<h4>Grupo do Telegram<\/h4>\n<p>[\/et_pb_text][et_pb_button button_url=&#8221;https:\/\/t.me\/+YSAepIxhlHwzMzIx&#8221; url_new_window=&#8221;on&#8221; button_text=&#8221;Clique para entrar&#8221; button_alignment=&#8221;left&#8221; _builder_version=&#8221;4.23.1&#8243; _module_preset=&#8221;default&#8221; custom_button=&#8221;on&#8221; button_text_color=&#8221;#FFFFFF&#8221; button_bg_color=&#8221;#f28100&#8243; button_border_width=&#8221;0px&#8221; button_font=&#8221;Newsreader||||||||&#8221; global_colors_info=&#8221;{}&#8221;][\/et_pb_button][\/et_pb_column][\/et_pb_row][\/et_pb_section]<\/p>\n","protected":false},"excerpt":{"rendered":"<p>Sobre o Festival O Festival Cultive Resist\u00eancia \u00e9 um encontro multicultural, libert\u00e1rio, que ocorre na Semente Negra, um espa\u00e7o pol\u00edtico cultural situado em meio a mata atl\u00e2ntica, em Peruibe\/SP. O Festival acontece todo ano no feriado da p\u00e1scoa, com 03 \u00a0dias de di\u00e1logos, palestras, oficinas, debates, shows, distribuidoras, momentos de compartilhamento, aprendizado, ensinamentos, reflex\u00e3o e [&hellip;]<\/p>\n","protected":false},"author":1,"featured_media":0,"parent":0,"menu_order":0,"comment_status":"closed","ping_status":"closed","template":"","meta":{"_et_pb_use_builder":"on","_et_pb_old_content":"","_et_gb_content_width":"","footnotes":""},"class_list":["post-1073","page","type-page","status-publish","hentry"],"_links":{"self":[{"href":"https:\/\/cultiveresistencia.org\/festival\/wp-json\/wp\/v2\/pages\/1073","targetHints":{"allow":["GET"]}}],"collection":[{"href":"https:\/\/cultiveresistencia.org\/festival\/wp-json\/wp\/v2\/pages"}],"about":[{"href":"https:\/\/cultiveresistencia.org\/festival\/wp-json\/wp\/v2\/types\/page"}],"author":[{"embeddable":true,"href":"https:\/\/cultiveresistencia.org\/festival\/wp-json\/wp\/v2\/users\/1"}],"replies":[{"embeddable":true,"href":"https:\/\/cultiveresistencia.org\/festival\/wp-json\/wp\/v2\/comments?post=1073"}],"version-history":[{"count":6,"href":"https:\/\/cultiveresistencia.org\/festival\/wp-json\/wp\/v2\/pages\/1073\/revisions"}],"predecessor-version":[{"id":1089,"href":"https:\/\/cultiveresistencia.org\/festival\/wp-json\/wp\/v2\/pages\/1073\/revisions\/1089"}],"wp:attachment":[{"href":"https:\/\/cultiveresistencia.org\/festival\/wp-json\/wp\/v2\/media?parent=1073"}],"curies":[{"name":"wp","href":"https:\/\/api.w.org\/{rel}","templated":true}]}}